{"id":11259,"date":"2013-03-22T14:19:51","date_gmt":"2013-03-22T14:19:51","guid":{"rendered":"http:\/\/www.party-alleinunterhalter.com\/kontakt\/"},"modified":"2022-05-05T12:07:38","modified_gmt":"2022-05-05T10:07:38","slug":"kontakt","status":"publish","type":"page","link":"https:\/\/www.duo-hautnah.com\/at\/kontakt\/","title":{"rendered":"Kontakt, Management und Buchungsablauf in \u00d6sterreich"},"content":{"rendered":"<div class=\"row \"><div class=\"wpv-grid grid-1-1  wpv-first-level first unextended\" style=\"padding-top:0px;padding-bottom:0px\" id=\"buchungsablauf\" ><div class=\"row \"><div class=\"wpv-grid grid-1-1  first unextended animation-fade-in animated-active\" style=\"padding-top:0px;padding-bottom:0px\" id=\"wpv-column-dd5326df6e16825e4f7cba91f9ffca98\" ><h1 style=\"text-align: center;\"><div class=\"push\" style='height:20px'><\/div>\nKONTAKT, MANAGEMENT UND BUCHUNGSABLAUF<\/h1>\n<div class=\"push\" style='height:20px'><\/div>\n<p style=\"text-align: center;\"><span class=\"vamtam-font-style-2 accent-4\">Um HAUTNAH f\u00fcr eine Veranstaltung zu buchen oder Kontakt aufzunehmen f\u00fcllen sie bitte das unten stehende Formular aus.<br \/>\nBuchungen und Auftritte sind auch <strong>&#8220;kurzfristig&#8221;<\/strong> m\u00f6glich!<br \/>\nIhre Anfrage wird innerhalb von wenigen Stunden bearbeitet und sie bekommen eine pers\u00f6nliche Nachricht oder Angebot per E-Mail zugeschickt. Alle Angebote und Offerten sind immer Kostenlos und Unverbindlich!<\/span><\/p>\n<div class=\"push\" style='height:30px'><\/div>\n<p style=\"text-align: center;\"><span class=\"vamtam-font-style-1 accent-4\">Buchungsablauf<\/span><br \/>\n<div class=\"push\" style='height:30px'><\/div><\/div><\/div>\n<div class=\"row \"><div class=\"wpv-grid grid-1-3  first unextended\" style=\"padding-top:0px;padding-bottom:0px\" id=\"wpv-column-e7cb4bf5333a4542bb0c6d1bb71f1515\" >\n<div  data-href=\"#anfrage\" tabindex=\"1\" data-target=\"_self\" class=\"linkarea clearfix accent6  background-accent4\">\n\t\t\t<div class=\"first\"><span class='icon shortcode theme  use-hover' style='font-size:62px !important;color:#303030;'>&#57493;<\/span><\/div>\n\t\t\t\t<div class=\"last\"><h2 style=\"text-align: center;\"><span class=\"accent-8\">Anfrage<\/span><\/h2>\n<p style=\"text-align: center;\"><span class=\"accent-8\">Eine unverbindliche und kostenlose Anfrage stellen!<br \/>\nStarten Sie zun\u00e4chst Ihre Buchungsanfrage online oder rufen Sie uns an. Professionelle Beratung geh\u00f6rt dazu. Geben Sie besondere W\u00fcnsche an (z.B. spezielle Musikrichtungen, Zusatzequipment, Mikrofon, CD-Player, etc.).<br \/>\nAnfrage Formular \u2192<\/span><\/div>\n\t<\/div><\/div>\n<div class=\"wpv-grid grid-1-3  unextended\" style=\"padding-top:0px;padding-bottom:0px\" id=\"wpv-column-0b99d0dd8eb03ed26f683e620be51f8f\" >\n<div  data-href=\"#anfrage\" tabindex=\"1\" data-target=\"_self\" class=\"linkarea clearfix accent6  background-accent2\">\n\t\t\t<div class=\"first\"><span class='icon shortcode theme  use-hover' style='font-size:62px !important;color:#303030;'>&#57562;<\/span><\/div>\n\t\t\t\t<div class=\"last\"><h2 style=\"text-align: center;\"><span class=\"accent-8\">Angebot<\/span><\/h2>\n<p style=\"text-align: center;\"><span class=\"accent-8\">Sie erhalten Ihr Angebot \u00fcblicherweise innerhalb von einem Werktag. Falls Sie weitere Fragen haben melden Sie sich jederzeit per Tel. oder Email. Um den Einsatz von Duo, Partyband &#8211; HAUTNAH verbindlich zu buchen, bitten wir um eine kurze Best\u00e4tigungs E-mail an: info@kingmusic.at oder ein kurzen Anruf unter Telefon +43 664 358 75 97<\/span><br \/><\/div>\n\t<\/div><\/div>\n<div class=\"wpv-grid grid-1-3  unextended\" style=\"padding-top:0px;padding-bottom:0px\" id=\"wpv-column-198e4eb6eafba0869734f729dc2f1049\" >\n<div  data-href=\"#anfrage\" tabindex=\"1\" data-target=\"_self\" class=\"linkarea clearfix accent6  background-accent1\">\n\t\t\t<div class=\"first\"><span class='icon shortcode   use-hover' style='font-size:62px !important;color:#303030;'>&#57459;<\/span><\/div>\n\t\t\t\t<div class=\"last\"><h2 style=\"text-align: center;\"><span class=\"accent-8\">Buchungsbest\u00e4tigung und Vertrag<\/span><\/h2>\n<p style=\"text-align: center;\"><span class=\"accent-8\">In K\u00fcrze erhalten Sie eine Buchungsbest\u00e4tigung, sowie ein Engagement Vereinbarung (Vertrag). Sp\u00e4testens 1 Woche vor der Feier melden Sie sich telefonisch oder per E-Mail falls es \u00c4nderungen gibt. Und nun feiern Sie ein Unvergessliches Fest mit Duo, Partyband &#8211; HAUTNAH.<\/span><br \/><\/div>\n\t<\/div><\/div><\/div>\n<div class=\"push\" style='margin-bottom:-40px'><\/div><\/div><\/div>\n<div class=\"row \"><div class=\"wpv-grid grid-1-1  wpv-first-level first has-background extended\" style=\"background-color:#dadada;padding-top:60px;padding-bottom:30px\" id=\"anfrage\" ><div class=\"extended-column-inner\"><style>#anfrage p,#anfrage em,#anfrage .column-title,#anfrage .sep-text h2.regular-title-wrapper,#anfrage .text-divider-double,#anfrage .sep-text .sep-text-line,#anfrage .sep,#anfrage .sep-2,#anfrage .sep-3,#anfrage td,#anfrage th,#anfrage caption{color:#5b5b5b;}#anfrage:before{background-color:transparent;}<\/style>\t\t<div class=\"sep-text single centered\">\n\t\t\t\t\t\t\t<span class=\"sep-text-before\"><div class=\"sep-text-line\"><\/div><\/span>\n\t\t\t\t\t\t<div class=\"content\">\n\t\t\t\t<h2 class=\"text-divider-double\">UNVERBINDLICHE &amp; KOSTENLOSE ANFRAGE<\/h2>\t\t\t<\/div>\n\t\t\t<span class=\"sep-text-after\"><div class=\"sep-text-line\"><\/div><\/span>\n\t\t\t\t\t<\/div>\n\t<div class=\"row \"><div class=\"wpv-grid grid-1-1  first unextended\" style=\"padding-top:0px;padding-bottom:0px\" id=\"wpv-column-d5283ed63df3b04154988d0791323426\" ><div class=\"push\" style='margin-bottom:-30px'><\/div>\n<p style=\"text-align: center;\"><span class=\"vamtam-font-style-2 accent-1\">* diese Felder m\u00fcssen ausgef\u00fcllt sein! <\/span><\/p>\n<div class=\"push\" style='height:20px'><\/div><\/div><\/div>\n<div class=\"row \"><div class=\"wpv-grid grid-1-1  first unextended animation-from-bottom animated-active\" style=\"padding-top:0px;padding-bottom:0px\" id=\"wpv-column-fb9b20e98661631f9e39c945173112f4\" ><p>\n<div class=\"wpcf7 no-js\" id=\"wpcf7-f9392-o1\" lang=\"en-US\" dir=\"ltr\" data-wpcf7-id=\"9392\">\n<div class=\"screen-reader-response\"><p role=\"status\" aria-live=\"polite\" aria-atomic=\"true\"><\/p> <ul><\/ul><\/div>\n<form action=\"\/at\/wp-json\/wp\/v2\/pages\/11259#wpcf7-f9392-o1\" method=\"post\" class=\"wpcf7-form init\" aria-label=\"Contact form\" novalidate=\"novalidate\" data-status=\"init\">\n<fieldset class=\"hidden-fields-container\"><input type=\"hidden\" name=\"_wpcf7\" value=\"9392\" \/><input type=\"hidden\" name=\"_wpcf7_version\" value=\"6.1.5\" \/><input type=\"hidden\" name=\"_wpcf7_locale\" value=\"en_US\" \/><input type=\"hidden\" name=\"_wpcf7_unit_tag\" value=\"wpcf7-f9392-o1\" \/><input type=\"hidden\" name=\"_wpcf7_container_post\" value=\"0\" \/><input type=\"hidden\" name=\"_wpcf7_posted_data_hash\" value=\"\" \/><input type=\"hidden\" name=\"_wpcf7_recaptcha_response\" value=\"\" \/>\n<\/fieldset>\n<div class=\"vamtam-rsvp-form\">\n\t<div class=\"row\">\n\t\t<div class=\"grid-1-5\">\n\t\t\t<p><span class=\"wpcf7-form-control-wrap\" data-name=\"veranstalter-name\"><input size=\"40\" maxlength=\"400\" class=\"wpcf7-form-control wpcf7-text wpcf7-validates-as-required\" id=\"veranstalter-name\" aria-required=\"true\" aria-invalid=\"false\" placeholder=\"*Veranstalter \/ Name\" value=\"\" type=\"text\" name=\"veranstalter-name\" \/><\/span>\n\t\t\t<\/p>\n\t\t<\/div>\n\t\t<div class=\"grid-1-5\">\n\t\t\t<p><span class=\"wpcf7-form-control-wrap\" data-name=\"veranstalter-adresse\"><input size=\"40\" maxlength=\"400\" class=\"wpcf7-form-control wpcf7-text\" id=\"veranstalter-adresse\" aria-invalid=\"false\" placeholder=\"Strasse\" value=\"\" type=\"text\" name=\"veranstalter-adresse\" \/><\/span>\n\t\t\t<\/p>\n\t\t<\/div>\n\t\t<div class=\"grid-1-5\">\n\t\t\t<p><span class=\"wpcf7-form-control-wrap\" data-name=\"veranstalter-ort\"><input size=\"40\" maxlength=\"400\" class=\"wpcf7-form-control wpcf7-text\" id=\"veranstalter-ort\" aria-invalid=\"false\" placeholder=\"Ort \/ Land\" value=\"\" type=\"text\" name=\"veranstalter-ort\" \/><\/span>\n\t\t\t<\/p>\n\t\t<\/div>\n\t\t<div class=\"grid-1-5\">\n\t\t\t<p><span class=\"wpcf7-form-control-wrap\" data-name=\"Phone\"><input size=\"40\" maxlength=\"400\" class=\"wpcf7-form-control wpcf7-text\" id=\"Phone\" aria-invalid=\"false\" placeholder=\"Telefon\" value=\"\" type=\"text\" name=\"Phone\" \/><\/span>\n\t\t\t<\/p>\n\t\t<\/div>\n\t\t<div class=\"grid-1-5\">\n\t\t\t<p><span class=\"wpcf7-form-control-wrap\" data-name=\"email-313\"><input size=\"40\" maxlength=\"400\" class=\"wpcf7-form-control wpcf7-email wpcf7-validates-as-required wpcf7-text wpcf7-validates-as-email\" id=\"your-email\" aria-required=\"true\" aria-invalid=\"false\" placeholder=\"*Email\" value=\"\" type=\"email\" name=\"email-313\" \/><\/span>\n\t\t\t<\/p>\n\t\t<\/div>\n\t\t<div class=\"grid-1-5\">\n\t\t\t<p><span class=\"wpcf7-form-control-wrap\" data-name=\"art\"><input size=\"40\" maxlength=\"400\" class=\"wpcf7-form-control wpcf7-text\" id=\"art\" aria-invalid=\"false\" placeholder=\"Art z.bsp.Hochzeit, Geburtstag, etc.\" value=\"\" type=\"text\" name=\"art\" \/><\/span>\n\t\t\t<\/p>\n\t\t<\/div>\n\t\t<div class=\"grid-1-5\">\n\t\t\t<p><span class=\"wpcf7-form-control-wrap\" data-name=\"gaesteanzahl\"><input size=\"40\" maxlength=\"400\" class=\"wpcf7-form-control wpcf7-text\" id=\"gaesteanzahl\" aria-invalid=\"false\" placeholder=\"ca. G\u00e4steanzahl\" value=\"\" type=\"text\" name=\"gaesteanzahl\" \/><\/span>\n\t\t\t<\/p>\n\t\t<\/div>\n\t\t<div class=\"grid-1-5\">\n\t\t\t<p><span class=\"wpcf7-form-control-wrap\" data-name=\"datum\"><input size=\"40\" maxlength=\"400\" class=\"wpcf7-form-control wpcf7-text\" id=\"datum\" aria-invalid=\"false\" placeholder=\"Datum der Veranstaltung\" value=\"\" type=\"text\" name=\"datum\" \/><\/span>\n\t\t\t<\/p>\n\t\t<\/div>\n\t\t<div class=\"grid-1-5\">\n\t\t\t<p><span class=\"wpcf7-form-control-wrap\" data-name=\"auftrittszeit\"><input size=\"40\" maxlength=\"400\" class=\"wpcf7-form-control wpcf7-text\" id=\"auftrittszeit\" aria-invalid=\"false\" placeholder=\"Spielzeit \/ Auftrittszeit\" value=\"\" type=\"text\" name=\"auftrittszeit\" \/><\/span>\n\t\t\t<\/p>\n\t\t<\/div>\n\t\t<div class=\"grid-1-5\">\n\t\t\t<p><span class=\"wpcf7-form-control-wrap\" data-name=\"lokal\"><input size=\"40\" maxlength=\"400\" class=\"wpcf7-form-control wpcf7-text\" id=\"lokal\" aria-invalid=\"false\" placeholder=\"Lokalit\u00e4t \/ Ort\" value=\"\" type=\"text\" name=\"lokal\" \/><\/span>\n\t\t\t<\/p>\n\t\t<\/div>\n\t\t<div class=\"grid-1-1\">\n\t\t\t<p><span class=\"wpcf7-form-control-wrap\" data-name=\"our-message\"><textarea cols=\"40\" rows=\"5\" maxlength=\"2000\" class=\"wpcf7-form-control wpcf7-textarea\" id=\"message\" aria-invalid=\"false\" placeholder=\"Ihre Nachricht...\" name=\"our-message\"><\/textarea><\/span>\n\t\t\t<\/p>\n\t\t<\/div>\n\t\t<p><span id=\"wpcf7-6a04495f4a5e4-wrapper\" class=\"wpcf7-form-control-wrap Website-wrap\" style=\"display:none !important; visibility:hidden !important;\"><label for=\"wpcf7-6a04495f4a5e4-field\" class=\"hp-message\">Please leave this field empty.<\/label><input id=\"wpcf7-6a04495f4a5e4-field\"  class=\"wpcf7-form-control wpcf7-text\" type=\"text\" name=\"Website\" value=\"\" size=\"40\" tabindex=\"-1\" autocomplete=\"new-password\" \/><\/span>\n\t\t<\/p>\n\t<\/div>\n\t<div style= \"text-align: center;\">\n\t\t<p><input class=\"wpcf7-form-control wpcf7-submit has-spinner\" type=\"submit\" value=\"ANFRAGE SENDEN \u2192\" \/>\n\t\t<\/p>\n\t<\/div>\n<\/div><div class=\"wpcf7-response-output\" aria-hidden=\"true\"><\/div>\n<\/form>\n<\/div>\n<\/div><\/div><\/div><\/div><\/div>\n","protected":false},"excerpt":{"rendered":"<p>KONTAKT, MANAGEMENT UND BUCHUNGSABLAUF Um HAUTNAH f\u00fcr eine Veranstaltung zu buchen oder Kontakt aufzunehmen f\u00fcllen sie bitte das unten stehende Formular aus. Buchungen und Auftritte sind auch &#8220;kurzfristig&#8221; m\u00f6glich! Ihre Anfrage wird innerhalb von wenigen Stunden bearbeitet und sie bekommen eine pers\u00f6nliche Nachricht oder Angebot per E-Mail zugeschickt. Alle Angebote und Offerten sind immer Kostenlos&#8230;<\/p>\n","protected":false},"author":1,"featured_media":11870,"parent":0,"menu_order":3,"comment_status":"closed","ping_status":"closed","template":"","meta":{"footnotes":""},"class_list":["post-11259","page","type-page","status-publish","has-post-thumbnail","placeholder-for-hentry"],"yoast_head":"<!-- This site is optimized with the Yoast SEO plugin v27.6 - https:\/\/yoast.com\/product\/yoast-seo-wordpress\/ -->\n<title>Kontakt, Management, Buchung - Duo, Partyband - HAUTNAH, \u00d6sterreich<\/title>\n<meta name=\"description\" content=\"Buchung, Kontakt und Managment von Duo, Partyband - HAUTNAH der Partyband aus \u00d6sterreich f\u00fcr Hochzeit, Geburtstagfeier, Firmenfeier, Oktoberfest, Karneval, Galas, Stadt &amp; Dorffeste, Jubil\u00e4umsfeiern, Sommernachtsfeste, Party&#039;s, Veranstaltungen, Anl\u00e4sse und Events in Deutschland und Weltweit.\" \/>\n<meta name=\"robots\" content=\"index, follow, max-snippet:-1, max-image-preview:large, max-video-preview:-1\" \/>\n<link rel=\"canonical\" href=\"https:\/\/www.duo-hautnah.com\/at\/kontakt\/\" \/>\n<meta property=\"og:locale\" content=\"de_DE\" \/>\n<meta property=\"og:type\" content=\"article\" \/>\n<meta property=\"og:title\" content=\"Kontakt, Management, Buchung - Duo, Partyband - HAUTNAH, \u00d6sterreich\" \/>\n<meta property=\"og:description\" content=\"Buchung, Kontakt und Managment von Duo, Partyband - HAUTNAH der Partyband aus \u00d6sterreich f\u00fcr Hochzeit, Geburtstagfeier, Firmenfeier, Oktoberfest, Karneval, Galas, Stadt &amp; Dorffeste, Jubil\u00e4umsfeiern, Sommernachtsfeste, Party&#039;s, Veranstaltungen, Anl\u00e4sse und Events in Deutschland und Weltweit.\" \/>\n<meta property=\"og:url\" content=\"https:\/\/www.duo-hautnah.com\/at\/kontakt\/\" \/>\n<meta property=\"og:site_name\" content=\"HAUTNAH\" \/>\n<meta property=\"article:publisher\" content=\"https:\/\/www.facebook.com\/musikersandrohoffmann\" \/>\n<meta property=\"article:modified_time\" content=\"2022-05-05T10:07:38+00:00\" \/>\n<meta property=\"og:image\" content=\"https:\/\/www.duo-hautnah.com\/wp-content\/uploads\/2018\/02\/hoerproben-duo-partyband-hautnah-1.png\" \/>\n\t<meta property=\"og:image:width\" content=\"612\" \/>\n\t<meta property=\"og:image:height\" content=\"621\" \/>\n\t<meta property=\"og:image:type\" content=\"image\/png\" \/>\n<meta name=\"twitter:card\" content=\"summary_large_image\" \/>\n<meta name=\"twitter:label1\" content=\"Est. reading time\" \/>\n\t<meta name=\"twitter:data1\" content=\"2 minutes\" \/>\n<script type=\"application\/ld+json\" class=\"yoast-schema-graph\">{\"@context\":\"https:\\\/\\\/schema.org\",\"@graph\":[{\"@type\":\"WebPage\",\"@id\":\"https:\\\/\\\/www.duo-hautnah.com\\\/at\\\/kontakt\\\/\",\"url\":\"https:\\\/\\\/www.duo-hautnah.com\\\/at\\\/kontakt\\\/\",\"name\":\"Kontakt, Management, Buchung - Duo, Partyband - HAUTNAH, \u00d6sterreich\",\"isPartOf\":{\"@id\":\"https:\\\/\\\/www.duo-hautnah.com\\\/#website\"},\"primaryImageOfPage\":{\"@id\":\"https:\\\/\\\/www.duo-hautnah.com\\\/at\\\/kontakt\\\/#primaryimage\"},\"image\":{\"@id\":\"https:\\\/\\\/www.duo-hautnah.com\\\/at\\\/kontakt\\\/#primaryimage\"},\"thumbnailUrl\":\"https:\\\/\\\/www.duo-hautnah.com\\\/wp-content\\\/uploads\\\/2018\\\/02\\\/hoerproben-duo-partyband-hautnah-1.png\",\"datePublished\":\"2013-03-22T14:19:51+00:00\",\"dateModified\":\"2022-05-05T10:07:38+00:00\",\"description\":\"Buchung, Kontakt und Managment von Duo, Partyband - HAUTNAH der Partyband aus \u00d6sterreich f\u00fcr Hochzeit, Geburtstagfeier, Firmenfeier, Oktoberfest, Karneval, Galas, Stadt & Dorffeste, Jubil\u00e4umsfeiern, Sommernachtsfeste, Party's, Veranstaltungen, Anl\u00e4sse und Events in Deutschland und Weltweit.\",\"breadcrumb\":{\"@id\":\"https:\\\/\\\/www.duo-hautnah.com\\\/at\\\/kontakt\\\/#breadcrumb\"},\"inLanguage\":\"de-AT\",\"potentialAction\":[{\"@type\":\"ReadAction\",\"target\":[\"https:\\\/\\\/www.duo-hautnah.com\\\/at\\\/kontakt\\\/\"]}]},{\"@type\":\"ImageObject\",\"inLanguage\":\"de-AT\",\"@id\":\"https:\\\/\\\/www.duo-hautnah.com\\\/at\\\/kontakt\\\/#primaryimage\",\"url\":\"https:\\\/\\\/www.duo-hautnah.com\\\/wp-content\\\/uploads\\\/2018\\\/02\\\/hoerproben-duo-partyband-hautnah-1.png\",\"contentUrl\":\"https:\\\/\\\/www.duo-hautnah.com\\\/wp-content\\\/uploads\\\/2018\\\/02\\\/hoerproben-duo-partyband-hautnah-1.png\",\"width\":612,\"height\":621,\"caption\":\"H\u00f6rproben - Duo, Partyband -HAUTNAH\"},{\"@type\":\"BreadcrumbList\",\"@id\":\"https:\\\/\\\/www.duo-hautnah.com\\\/at\\\/kontakt\\\/#breadcrumb\",\"itemListElement\":[{\"@type\":\"ListItem\",\"position\":1,\"name\":\"Startseite\",\"item\":\"https:\\\/\\\/www.duo-hautnah.com\\\/at\\\/\"},{\"@type\":\"ListItem\",\"position\":2,\"name\":\"Kontakt, Management und Buchungsablauf in \u00d6sterreich\"}]},{\"@type\":\"WebSite\",\"@id\":\"https:\\\/\\\/www.duo-hautnah.com\\\/#website\",\"url\":\"https:\\\/\\\/www.duo-hautnah.com\\\/\",\"name\":\"HAUTNAH\",\"description\":\"Musik Tanz und Stimmung f\u00fcr ihre Feier!\",\"potentialAction\":[{\"@type\":\"SearchAction\",\"target\":{\"@type\":\"EntryPoint\",\"urlTemplate\":\"https:\\\/\\\/www.duo-hautnah.com\\\/?s={search_term_string}\"},\"query-input\":{\"@type\":\"PropertyValueSpecification\",\"valueRequired\":true,\"valueName\":\"search_term_string\"}}],\"inLanguage\":\"de-AT\"}]}<\/script>\n<!-- \/ Yoast SEO plugin. -->","yoast_head_json":{"title":"Kontakt, Management, Buchung - Duo, Partyband - HAUTNAH, \u00d6sterreich","description":"Buchung, Kontakt und Managment von Duo, Partyband - HAUTNAH der Partyband aus \u00d6sterreich f\u00fcr Hochzeit, Geburtstagfeier, Firmenfeier, Oktoberfest, Karneval, Galas, Stadt & Dorffeste, Jubil\u00e4umsfeiern, Sommernachtsfeste, Party's, Veranstaltungen, Anl\u00e4sse und Events in Deutschland und Weltweit.","robots":{"index":"index","follow":"follow","max-snippet":"max-snippet:-1","max-image-preview":"max-image-preview:large","max-video-preview":"max-video-preview:-1"},"canonical":"https:\/\/www.duo-hautnah.com\/at\/kontakt\/","og_locale":"de_DE","og_type":"article","og_title":"Kontakt, Management, Buchung - Duo, Partyband - HAUTNAH, \u00d6sterreich","og_description":"Buchung, Kontakt und Managment von Duo, Partyband - HAUTNAH der Partyband aus \u00d6sterreich f\u00fcr Hochzeit, Geburtstagfeier, Firmenfeier, Oktoberfest, Karneval, Galas, Stadt & Dorffeste, Jubil\u00e4umsfeiern, Sommernachtsfeste, Party's, Veranstaltungen, Anl\u00e4sse und Events in Deutschland und Weltweit.","og_url":"https:\/\/www.duo-hautnah.com\/at\/kontakt\/","og_site_name":"HAUTNAH","article_publisher":"https:\/\/www.facebook.com\/musikersandrohoffmann","article_modified_time":"2022-05-05T10:07:38+00:00","og_image":[{"width":612,"height":621,"url":"https:\/\/www.duo-hautnah.com\/wp-content\/uploads\/2018\/02\/hoerproben-duo-partyband-hautnah-1.png","type":"image\/png"}],"twitter_card":"summary_large_image","twitter_misc":{"Est. reading time":"2 minutes"},"schema":{"@context":"https:\/\/schema.org","@graph":[{"@type":"WebPage","@id":"https:\/\/www.duo-hautnah.com\/at\/kontakt\/","url":"https:\/\/www.duo-hautnah.com\/at\/kontakt\/","name":"Kontakt, Management, Buchung - Duo, Partyband - HAUTNAH, \u00d6sterreich","isPartOf":{"@id":"https:\/\/www.duo-hautnah.com\/#website"},"primaryImageOfPage":{"@id":"https:\/\/www.duo-hautnah.com\/at\/kontakt\/#primaryimage"},"image":{"@id":"https:\/\/www.duo-hautnah.com\/at\/kontakt\/#primaryimage"},"thumbnailUrl":"https:\/\/www.duo-hautnah.com\/wp-content\/uploads\/2018\/02\/hoerproben-duo-partyband-hautnah-1.png","datePublished":"2013-03-22T14:19:51+00:00","dateModified":"2022-05-05T10:07:38+00:00","description":"Buchung, Kontakt und Managment von Duo, Partyband - HAUTNAH der Partyband aus \u00d6sterreich f\u00fcr Hochzeit, Geburtstagfeier, Firmenfeier, Oktoberfest, Karneval, Galas, Stadt & Dorffeste, Jubil\u00e4umsfeiern, Sommernachtsfeste, Party's, Veranstaltungen, Anl\u00e4sse und Events in Deutschland und Weltweit.","breadcrumb":{"@id":"https:\/\/www.duo-hautnah.com\/at\/kontakt\/#breadcrumb"},"inLanguage":"de-AT","potentialAction":[{"@type":"ReadAction","target":["https:\/\/www.duo-hautnah.com\/at\/kontakt\/"]}]},{"@type":"ImageObject","inLanguage":"de-AT","@id":"https:\/\/www.duo-hautnah.com\/at\/kontakt\/#primaryimage","url":"https:\/\/www.duo-hautnah.com\/wp-content\/uploads\/2018\/02\/hoerproben-duo-partyband-hautnah-1.png","contentUrl":"https:\/\/www.duo-hautnah.com\/wp-content\/uploads\/2018\/02\/hoerproben-duo-partyband-hautnah-1.png","width":612,"height":621,"caption":"H\u00f6rproben - Duo, Partyband -HAUTNAH"},{"@type":"BreadcrumbList","@id":"https:\/\/www.duo-hautnah.com\/at\/kontakt\/#breadcrumb","itemListElement":[{"@type":"ListItem","position":1,"name":"Startseite","item":"https:\/\/www.duo-hautnah.com\/at\/"},{"@type":"ListItem","position":2,"name":"Kontakt, Management und Buchungsablauf in \u00d6sterreich"}]},{"@type":"WebSite","@id":"https:\/\/www.duo-hautnah.com\/#website","url":"https:\/\/www.duo-hautnah.com\/","name":"HAUTNAH","description":"Musik Tanz und Stimmung f\u00fcr ihre Feier!","potentialAction":[{"@type":"SearchAction","target":{"@type":"EntryPoint","urlTemplate":"https:\/\/www.duo-hautnah.com\/?s={search_term_string}"},"query-input":{"@type":"PropertyValueSpecification","valueRequired":true,"valueName":"search_term_string"}}],"inLanguage":"de-AT"}]}},"_links":{"self":[{"href":"https:\/\/www.duo-hautnah.com\/at\/wp-json\/wp\/v2\/pages\/11259","targetHints":{"allow":["GET"]}}],"collection":[{"href":"https:\/\/www.duo-hautnah.com\/at\/wp-json\/wp\/v2\/pages"}],"about":[{"href":"https:\/\/www.duo-hautnah.com\/at\/wp-json\/wp\/v2\/types\/page"}],"author":[{"embeddable":true,"href":"https:\/\/www.duo-hautnah.com\/at\/wp-json\/wp\/v2\/users\/1"}],"replies":[{"embeddable":true,"href":"https:\/\/www.duo-hautnah.com\/at\/wp-json\/wp\/v2\/comments?post=11259"}],"version-history":[{"count":6,"href":"https:\/\/www.duo-hautnah.com\/at\/wp-json\/wp\/v2\/pages\/11259\/revisions"}],"predecessor-version":[{"id":14213,"href":"https:\/\/www.duo-hautnah.com\/at\/wp-json\/wp\/v2\/pages\/11259\/revisions\/14213"}],"wp:featuredmedia":[{"embeddable":true,"href":"https:\/\/www.duo-hautnah.com\/at\/wp-json\/wp\/v2\/media\/11870"}],"wp:attachment":[{"href":"https:\/\/www.duo-hautnah.com\/at\/wp-json\/wp\/v2\/media?parent=11259"}],"curies":[{"name":"wp","href":"https:\/\/api.w.org\/{rel}","templated":true}]}}