{"id":12263,"date":"2018-05-28T20:20:13","date_gmt":"2018-05-28T18:20:13","guid":{"rendered":"http:\/\/www.duo-hautnah.com\/?page_id=12263"},"modified":"2020-03-18T10:09:50","modified_gmt":"2020-03-18T09:09:50","slug":"impressum","status":"publish","type":"page","link":"https:\/\/www.duo-hautnah.com\/at\/impressum\/","title":{"rendered":"Impressum"},"content":{"rendered":"<div class=\"row \"><div class=\"wpv-grid grid-1-1  wpv-first-level first unextended\" style=\"padding-top:0px;padding-bottom:0px\" id=\"buchungsablauf\" ><div class=\"row \"><div class=\"wpv-grid grid-1-1  first unextended animation-fade-in animated-active\" style=\"padding-top:0px;padding-bottom:0px\" id=\"wpv-column-cc4f2c1bf0e5dcf42e7397cf62056509\" ><h1 style=\"text-align: center;\"><div class=\"push\" style='height:20px'><\/div><\/h1>\n<h1>Impressum<\/h1>\n<div class=\"push\" style='height:20px'><\/div>\nHAUTNAH<br \/>\nc\/o Alexander Trifkovic<br \/>\nHeldenstrasse 42\/ Top 30,<br \/>\n6800 Feldkirch,<br \/>\n\u00d6sterreich<br \/>\n<strong>Tel.:<\/strong> +43 664 358 75 97<br \/>\n<strong>E-Mail:<\/strong> <a href=\"mailto:info@kingmusic.at\">info@kingmusic.at<\/a><\/p>\n<div class=\"push\" style='height:30px'><\/div><\/div><\/div>\n<div class=\"push\" style='margin-bottom:-40px'><\/div>\n<div class=\"sep-3\"><\/div>\n<div class=\"row \"><div class=\"wpv-grid grid-1-1  first unextended animation-zoom-in animated-active\" style=\"padding-top:0px;padding-bottom:0px\" id=\"wpv-column-fcc661dc4d8e3826c83335c6db3c9fe1\" ><div class=\"push\" style='margin-bottom:-10px'><\/div>\n<p style=\"text-align: center;\"><a href=\"https:\/\/www.facebook.com\/musikersandrohoffmann\" target=\"_blank\" rel=\"noopener noreferrer\"> <span class='icon shortcode   use-hover' style='font-size:24px !important;color:#D8D8D8;'>&#58155;<\/span><\/a>    <a href=\"https:\/\/plus.google.com\/u\/0\/b\/117663043124607465973\/117663043124607465973\/posts\" target=\"_blank\" rel=\"noopener noreferrer\"><span class='icon shortcode   use-hover' style='font-size:24px !important;color:#D8D8D8;'>&#58150;<\/span><\/a>    <a href=\"http:\/\/www.youtube.com\/channel\/UC_eMH_E4dowZtLxEaBkVVtQ\" target=\"_blank\" rel=\"noopener noreferrer\"><span class='icon shortcode   use-hover' style='font-size:24px !important;color:#D8D8D8;'>&#58165;<\/span><\/a> <div class=\"push\" style='height:20px'><\/div><\/div><\/div><\/div><\/div>\n","protected":false},"excerpt":{"rendered":"<p>Impressum HAUTNAH c\/o Alexander Trifkovic Heldenstrasse 42\/ Top 30, 6800 Feldkirch, \u00d6sterreich Tel.: +43 664 358 75 97 E-Mail: info@kingmusic.at<\/p>\n","protected":false},"author":1,"featured_media":11870,"parent":0,"menu_order":3,"comment_status":"closed","ping_status":"closed","template":"","meta":{"footnotes":""},"class_list":["post-12263","page","type-page","status-publish","has-post-thumbnail","placeholder-for-hentry"],"yoast_head":"<!-- This site is optimized with the Yoast SEO plugin v27.3 - https:\/\/yoast.com\/product\/yoast-seo-wordpress\/ -->\n<title>Kontakt, Management, Buchung - Duo, Partyband - HAUTNAH, \u00d6sterreich<\/title>\n<meta name=\"description\" content=\"Buchung, Kontakt und Managment von Duo, Partyband - HAUTNAH der Partyband aus \u00d6sterreich f\u00fcr Hochzeit, Geburtstagfeier, Firmenfeier, Oktoberfest, Karneval, Galas, Stadt &amp; Dorffeste, Jubil\u00e4umsfeiern, Sommernachtsfeste, Party&#039;s, Veranstaltungen, Anl\u00e4sse und Events in Deutschland und Weltweit.\" \/>\n<meta name=\"robots\" content=\"noindex, nofollow\" \/>\n<meta property=\"og:locale\" content=\"de_DE\" \/>\n<meta property=\"og:type\" content=\"article\" \/>\n<meta property=\"og:title\" content=\"Kontakt, Management, Buchung - Duo, Partyband - HAUTNAH, \u00d6sterreich\" \/>\n<meta property=\"og:description\" content=\"Buchung, Kontakt und Managment von Duo, Partyband - HAUTNAH der Partyband aus \u00d6sterreich f\u00fcr Hochzeit, Geburtstagfeier, Firmenfeier, Oktoberfest, Karneval, Galas, Stadt &amp; Dorffeste, Jubil\u00e4umsfeiern, Sommernachtsfeste, Party&#039;s, Veranstaltungen, Anl\u00e4sse und Events in Deutschland und Weltweit.\" \/>\n<meta property=\"og:url\" content=\"https:\/\/www.duo-hautnah.com\/at\/impressum\/\" \/>\n<meta property=\"og:site_name\" content=\"HAUTNAH\" \/>\n<meta property=\"article:publisher\" content=\"https:\/\/www.facebook.com\/musikersandrohoffmann\" \/>\n<meta property=\"article:modified_time\" content=\"2020-03-18T09:09:50+00:00\" \/>\n<meta property=\"og:image\" content=\"https:\/\/www.duo-hautnah.com\/wp-content\/uploads\/2018\/02\/hoerproben-duo-partyband-hautnah-1.png\" \/>\n\t<meta property=\"og:image:width\" content=\"612\" \/>\n\t<meta property=\"og:image:height\" content=\"621\" \/>\n\t<meta property=\"og:image:type\" content=\"image\/png\" \/>\n<meta name=\"twitter:card\" content=\"summary_large_image\" \/>\n<meta name=\"twitter:label1\" content=\"Est. reading time\" \/>\n\t<meta name=\"twitter:data1\" content=\"1 minute\" \/>\n<script type=\"application\/ld+json\" class=\"yoast-schema-graph\">{\"@context\":\"https:\\\/\\\/schema.org\",\"@graph\":[{\"@type\":\"WebPage\",\"@id\":\"https:\\\/\\\/www.duo-hautnah.com\\\/at\\\/impressum\\\/\",\"url\":\"https:\\\/\\\/www.duo-hautnah.com\\\/at\\\/impressum\\\/\",\"name\":\"Kontakt, Management, Buchung - Duo, Partyband - HAUTNAH, \u00d6sterreich\",\"isPartOf\":{\"@id\":\"https:\\\/\\\/www.duo-hautnah.com\\\/#website\"},\"primaryImageOfPage\":{\"@id\":\"https:\\\/\\\/www.duo-hautnah.com\\\/at\\\/impressum\\\/#primaryimage\"},\"image\":{\"@id\":\"https:\\\/\\\/www.duo-hautnah.com\\\/at\\\/impressum\\\/#primaryimage\"},\"thumbnailUrl\":\"https:\\\/\\\/www.duo-hautnah.com\\\/wp-content\\\/uploads\\\/2018\\\/02\\\/hoerproben-duo-partyband-hautnah-1.png\",\"datePublished\":\"2018-05-28T18:20:13+00:00\",\"dateModified\":\"2020-03-18T09:09:50+00:00\",\"description\":\"Buchung, Kontakt und Managment von Duo, Partyband - HAUTNAH der Partyband aus \u00d6sterreich f\u00fcr Hochzeit, Geburtstagfeier, Firmenfeier, Oktoberfest, Karneval, Galas, Stadt & Dorffeste, Jubil\u00e4umsfeiern, Sommernachtsfeste, Party's, Veranstaltungen, Anl\u00e4sse und Events in Deutschland und Weltweit.\",\"breadcrumb\":{\"@id\":\"https:\\\/\\\/www.duo-hautnah.com\\\/at\\\/impressum\\\/#breadcrumb\"},\"inLanguage\":\"de-AT\",\"potentialAction\":[{\"@type\":\"ReadAction\",\"target\":[\"https:\\\/\\\/www.duo-hautnah.com\\\/at\\\/impressum\\\/\"]}]},{\"@type\":\"ImageObject\",\"inLanguage\":\"de-AT\",\"@id\":\"https:\\\/\\\/www.duo-hautnah.com\\\/at\\\/impressum\\\/#primaryimage\",\"url\":\"https:\\\/\\\/www.duo-hautnah.com\\\/wp-content\\\/uploads\\\/2018\\\/02\\\/hoerproben-duo-partyband-hautnah-1.png\",\"contentUrl\":\"https:\\\/\\\/www.duo-hautnah.com\\\/wp-content\\\/uploads\\\/2018\\\/02\\\/hoerproben-duo-partyband-hautnah-1.png\",\"width\":612,\"height\":621,\"caption\":\"H\u00f6rproben - Duo, Partyband -HAUTNAH\"},{\"@type\":\"BreadcrumbList\",\"@id\":\"https:\\\/\\\/www.duo-hautnah.com\\\/at\\\/impressum\\\/#breadcrumb\",\"itemListElement\":[{\"@type\":\"ListItem\",\"position\":1,\"name\":\"Startseite\",\"item\":\"https:\\\/\\\/www.duo-hautnah.com\\\/at\\\/\"},{\"@type\":\"ListItem\",\"position\":2,\"name\":\"Impressum\"}]},{\"@type\":\"WebSite\",\"@id\":\"https:\\\/\\\/www.duo-hautnah.com\\\/#website\",\"url\":\"https:\\\/\\\/www.duo-hautnah.com\\\/\",\"name\":\"HAUTNAH\",\"description\":\"Musik Tanz und Stimmung f\u00fcr ihre Feier!\",\"potentialAction\":[{\"@type\":\"SearchAction\",\"target\":{\"@type\":\"EntryPoint\",\"urlTemplate\":\"https:\\\/\\\/www.duo-hautnah.com\\\/?s={search_term_string}\"},\"query-input\":{\"@type\":\"PropertyValueSpecification\",\"valueRequired\":true,\"valueName\":\"search_term_string\"}}],\"inLanguage\":\"de-AT\"}]}<\/script>\n<!-- \/ Yoast SEO plugin. -->","yoast_head_json":{"title":"Kontakt, Management, Buchung - Duo, Partyband - HAUTNAH, \u00d6sterreich","description":"Buchung, Kontakt und Managment von Duo, Partyband - HAUTNAH der Partyband aus \u00d6sterreich f\u00fcr Hochzeit, Geburtstagfeier, Firmenfeier, Oktoberfest, Karneval, Galas, Stadt & Dorffeste, Jubil\u00e4umsfeiern, Sommernachtsfeste, Party's, Veranstaltungen, Anl\u00e4sse und Events in Deutschland und Weltweit.","robots":{"index":"noindex","follow":"nofollow"},"og_locale":"de_DE","og_type":"article","og_title":"Kontakt, Management, Buchung - Duo, Partyband - HAUTNAH, \u00d6sterreich","og_description":"Buchung, Kontakt und Managment von Duo, Partyband - HAUTNAH der Partyband aus \u00d6sterreich f\u00fcr Hochzeit, Geburtstagfeier, Firmenfeier, Oktoberfest, Karneval, Galas, Stadt & Dorffeste, Jubil\u00e4umsfeiern, Sommernachtsfeste, Party's, Veranstaltungen, Anl\u00e4sse und Events in Deutschland und Weltweit.","og_url":"https:\/\/www.duo-hautnah.com\/at\/impressum\/","og_site_name":"HAUTNAH","article_publisher":"https:\/\/www.facebook.com\/musikersandrohoffmann","article_modified_time":"2020-03-18T09:09:50+00:00","og_image":[{"width":612,"height":621,"url":"https:\/\/www.duo-hautnah.com\/wp-content\/uploads\/2018\/02\/hoerproben-duo-partyband-hautnah-1.png","type":"image\/png"}],"twitter_card":"summary_large_image","twitter_misc":{"Est. reading time":"1 minute"},"schema":{"@context":"https:\/\/schema.org","@graph":[{"@type":"WebPage","@id":"https:\/\/www.duo-hautnah.com\/at\/impressum\/","url":"https:\/\/www.duo-hautnah.com\/at\/impressum\/","name":"Kontakt, Management, Buchung - Duo, Partyband - HAUTNAH, \u00d6sterreich","isPartOf":{"@id":"https:\/\/www.duo-hautnah.com\/#website"},"primaryImageOfPage":{"@id":"https:\/\/www.duo-hautnah.com\/at\/impressum\/#primaryimage"},"image":{"@id":"https:\/\/www.duo-hautnah.com\/at\/impressum\/#primaryimage"},"thumbnailUrl":"https:\/\/www.duo-hautnah.com\/wp-content\/uploads\/2018\/02\/hoerproben-duo-partyband-hautnah-1.png","datePublished":"2018-05-28T18:20:13+00:00","dateModified":"2020-03-18T09:09:50+00:00","description":"Buchung, Kontakt und Managment von Duo, Partyband - HAUTNAH der Partyband aus \u00d6sterreich f\u00fcr Hochzeit, Geburtstagfeier, Firmenfeier, Oktoberfest, Karneval, Galas, Stadt & Dorffeste, Jubil\u00e4umsfeiern, Sommernachtsfeste, Party's, Veranstaltungen, Anl\u00e4sse und Events in Deutschland und Weltweit.","breadcrumb":{"@id":"https:\/\/www.duo-hautnah.com\/at\/impressum\/#breadcrumb"},"inLanguage":"de-AT","potentialAction":[{"@type":"ReadAction","target":["https:\/\/www.duo-hautnah.com\/at\/impressum\/"]}]},{"@type":"ImageObject","inLanguage":"de-AT","@id":"https:\/\/www.duo-hautnah.com\/at\/impressum\/#primaryimage","url":"https:\/\/www.duo-hautnah.com\/wp-content\/uploads\/2018\/02\/hoerproben-duo-partyband-hautnah-1.png","contentUrl":"https:\/\/www.duo-hautnah.com\/wp-content\/uploads\/2018\/02\/hoerproben-duo-partyband-hautnah-1.png","width":612,"height":621,"caption":"H\u00f6rproben - Duo, Partyband -HAUTNAH"},{"@type":"BreadcrumbList","@id":"https:\/\/www.duo-hautnah.com\/at\/impressum\/#breadcrumb","itemListElement":[{"@type":"ListItem","position":1,"name":"Startseite","item":"https:\/\/www.duo-hautnah.com\/at\/"},{"@type":"ListItem","position":2,"name":"Impressum"}]},{"@type":"WebSite","@id":"https:\/\/www.duo-hautnah.com\/#website","url":"https:\/\/www.duo-hautnah.com\/","name":"HAUTNAH","description":"Musik Tanz und Stimmung f\u00fcr ihre Feier!","potentialAction":[{"@type":"SearchAction","target":{"@type":"EntryPoint","urlTemplate":"https:\/\/www.duo-hautnah.com\/?s={search_term_string}"},"query-input":{"@type":"PropertyValueSpecification","valueRequired":true,"valueName":"search_term_string"}}],"inLanguage":"de-AT"}]}},"_links":{"self":[{"href":"https:\/\/www.duo-hautnah.com\/at\/wp-json\/wp\/v2\/pages\/12263","targetHints":{"allow":["GET"]}}],"collection":[{"href":"https:\/\/www.duo-hautnah.com\/at\/wp-json\/wp\/v2\/pages"}],"about":[{"href":"https:\/\/www.duo-hautnah.com\/at\/wp-json\/wp\/v2\/types\/page"}],"author":[{"embeddable":true,"href":"https:\/\/www.duo-hautnah.com\/at\/wp-json\/wp\/v2\/users\/1"}],"replies":[{"embeddable":true,"href":"https:\/\/www.duo-hautnah.com\/at\/wp-json\/wp\/v2\/comments?post=12263"}],"version-history":[{"count":4,"href":"https:\/\/www.duo-hautnah.com\/at\/wp-json\/wp\/v2\/pages\/12263\/revisions"}],"predecessor-version":[{"id":14037,"href":"https:\/\/www.duo-hautnah.com\/at\/wp-json\/wp\/v2\/pages\/12263\/revisions\/14037"}],"wp:featuredmedia":[{"embeddable":true,"href":"https:\/\/www.duo-hautnah.com\/at\/wp-json\/wp\/v2\/media\/11870"}],"wp:attachment":[{"href":"https:\/\/www.duo-hautnah.com\/at\/wp-json\/wp\/v2\/media?parent=12263"}],"curies":[{"name":"wp","href":"https:\/\/api.w.org\/{rel}","templated":true}]}}