{"id":11251,"date":"2013-03-22T14:45:15","date_gmt":"2013-03-22T14:45:15","guid":{"rendered":"http:\/\/www.party-alleinunterhalter.com\/sitemap\/"},"modified":"2018-02-19T18:37:02","modified_gmt":"2018-02-19T17:37:02","slug":"sitemap","status":"publish","type":"page","link":"https:\/\/www.duo-hautnah.com\/ch\/sitemap\/","title":{"rendered":"Sitemap der Website Duo, Partyband &#8211; HAUTNAH"},"content":{"rendered":"<div class=\"row \"><div class=\"wpv-grid grid-1-1  wpv-first-level first unextended\" style=\"padding-top:0px;padding-bottom:0px\" id=\"wpv-column-58aee8443fe333ab51f52ca2f3b34a09\" ><div class=\"sitemap\">\t\t<h2 class=\"text-divider-double\">\t\t\tPages\t\t<\/h2>\t\t<div class=\"sep\"><\/div>\t<ul><li>\n\t\t\t\t\t\t<a href='https:\/\/www.duo-hautnah.com\/ch\/addio-bella\/' rel='bookmark' title='Permanent Link to Addio Bella-MEHR'>Addio Bella-MEHR<\/a><ul><\/ul><\/li><li>\n\t\t\t\t\t\t<a href='https:\/\/www.duo-hautnah.com\/ch\/cd-shop\/' rel='bookmark' title='Permanent Link to CD-Shop'>CD-Shop<\/a><ul><\/ul><\/li><li>\n\t\t\t\t\t\t<a href='https:\/\/www.duo-hautnah.com\/ch\/hautnah-addio-bella\/' rel='bookmark' title='Permanent Link to Das neue Album ab 03.08.2018 &#8211; &#171;Addio Bella&#187; von HAUTNAH'>Das neue Album ab 03.08.2018 &#8211; &#171;Addio Bella&#187; von HAUTNAH<\/a><ul><\/ul><\/li><li>\n\t\t\t\t\t\t<a href='https:\/\/www.duo-hautnah.com\/ch\/datenschutzerklaerung\/' rel='bookmark' title='Permanent Link to Datenschutzerkl\u00e4rung'>Datenschutzerkl\u00e4rung<\/a><ul><\/ul><\/li><li>\n\t\t\t\t\t\t<a href='https:\/\/www.duo-hautnah.com\/ch\/hoerproben-videos\/' rel='bookmark' title='Permanent Link to Demos, H\u00f6rproben und Live Videos von Duo, Partyband &#8211; HAUTNAH'>Demos, H\u00f6rproben und Live Videos von Duo, Partyband &#8211; HAUTNAH<\/a><ul><\/ul><\/li><li>\n\t\t\t\t\t\t<a href='https:\/\/www.duo-hautnah.com\/ch\/die-besten-party-kracher\/' rel='bookmark' title='Permanent Link to Die Besten Party Kracher-MEHR'>Die Besten Party Kracher-MEHR<\/a><ul><\/ul><\/li><li>\n\t\t\t\t\t\t<a href='https:\/\/www.duo-hautnah.com\/ch\/discografie\/' rel='bookmark' title='Permanent Link to Discografie'>Discografie<\/a><ul><\/ul><\/li><li>\n\t\t\t\t\t\t<a href='https:\/\/www.duo-hautnah.com\/ch\/partyband-fasnacht-maskenball\/' rel='bookmark' title='Permanent Link to Duo, Partyband &#8211; Livemusik f\u00fcr Fasnacht und Maskenball in der Schweiz'>Duo, Partyband &#8211; Livemusik f\u00fcr Fasnacht und Maskenball in der Schweiz<\/a><ul><\/ul><\/li><li>\n\t\t\t\t\t\t<a href='https:\/\/www.duo-hautnah.com\/ch\/partyband-geburtstagsfeier\/' rel='bookmark' title='Permanent Link to Duo, Partyband f\u00fcr Geburtstagfeier in der Schweiz'>Duo, Partyband f\u00fcr Geburtstagfeier in der Schweiz<\/a><ul><\/ul><\/li><li>\n\t\t\t\t\t\t<a href='https:\/\/www.duo-hautnah.com\/ch\/partyband-oktoberfest-apres-ski\/' rel='bookmark' title='Permanent Link to Duo, Partyband f\u00fcr Oktoberfest, Apr\u00e8s Ski in der Schweiz'>Duo, Partyband f\u00fcr Oktoberfest, Apr\u00e8s Ski in der Schweiz<\/a><ul><\/ul><\/li><li>\n\t\t\t\t\t\t<a href='https:\/\/www.duo-hautnah.com\/ch\/partyband-veranstaltungen-events\/' rel='bookmark' title='Permanent Link to Duo, Partyband f\u00fcr Silvester und Veranstaltungen in der Schweiz'>Duo, Partyband f\u00fcr Silvester und Veranstaltungen in der Schweiz<\/a><ul><\/ul><\/li><li>\n\t\t\t\t\t\t<a href='https:\/\/www.duo-hautnah.com\/ch\/partyband-hotel-bar-tanzlokal-kreuzfahrt\/' rel='bookmark' title='Permanent Link to Duo, Partyband f\u00fcr Tanzlokal, Hotel, Kreuzfahrt &#8211; Schweiz'>Duo, Partyband f\u00fcr Tanzlokal, Hotel, Kreuzfahrt &#8211; Schweiz<\/a><ul><\/ul><\/li><li>\n\t\t\t\t\t\t<a href='https:\/\/www.duo-hautnah.com\/ch\/partyband-vereinsfeier\/' rel='bookmark' title='Permanent Link to Duo, Partyband f\u00fcr Turnerabend, Theater, Konzert oder Festzelt in der Schweiz'>Duo, Partyband f\u00fcr Turnerabend, Theater, Konzert oder Festzelt in der Schweiz<\/a><ul><\/ul><\/li><li>\n\t\t\t\t\t\t<a href='https:\/\/www.duo-hautnah.com\/ch\/partyband-hochzeit\/' rel='bookmark' title='Permanent Link to Duo, Partyband HAUTNAH, Hochzeitsband f\u00fcr Hochzeiten in der Schweiz'>Duo, Partyband HAUTNAH, Hochzeitsband f\u00fcr Hochzeiten in der Schweiz<\/a><ul><\/ul><\/li><li>\n\t\t\t\t\t\t<a href='https:\/\/www.duo-hautnah.com\/ch\/partyband-firmenfeier-weihnachtsfeier\/' rel='bookmark' title='Permanent Link to Duo, Partyband HAUTNAH, Musik f\u00fcr Weihnachtsfeier, Firmenfeier in der Schweiz'>Duo, Partyband HAUTNAH, Musik f\u00fcr Weihnachtsfeier, Firmenfeier in der Schweiz<\/a><ul><\/ul><\/li><li>\n\t\t\t\t\t\t<a href='https:\/\/www.duo-hautnah.com\/ch\/' rel='bookmark' title='Permanent Link to Duo, Partyband Schweiz'>Duo, Partyband Schweiz<\/a><ul><\/ul><\/li><li>\n\t\t\t\t\t\t<a href='https:\/\/www.duo-hautnah.com\/ch\/impressum\/' rel='bookmark' title='Permanent Link to Impressum'>Impressum<\/a><ul><\/ul><\/li><li>\n\t\t\t\t\t\t<a href='https:\/\/www.duo-hautnah.com\/ch\/kontakt\/' rel='bookmark' title='Permanent Link to Kontakt, Management und Buchungsablauf, Schweiz'>Kontakt, Management und Buchungsablauf, Schweiz<\/a><ul><\/ul><\/li><li>\n\t\t\t\t\t\t<a href='https:\/\/www.duo-hautnah.com\/ch\/referenzen\/' rel='bookmark' title='Permanent Link to Referenzen und Emfehlungen von Duo, Partyband &#8211; HAUTNAH, Schweiz'>Referenzen und Emfehlungen von Duo, Partyband &#8211; HAUTNAH, Schweiz<\/a><ul><\/ul><\/li><li>\n\t\t\t\t\t\t<a href='https:\/\/www.duo-hautnah.com\/ch\/sitemap\/' rel='bookmark' title='Permanent Link to Sitemap der Website Duo, Partyband &#8211; HAUTNAH'>Sitemap der Website Duo, Partyband &#8211; HAUTNAH<\/a><ul><\/ul><\/li><\/ul>\t\t<h2 class=\"text-divider-double\">\t\t\tCategories\t\t<\/h2>\t\t<div class=\"sep\"><\/div>\t<ul><li class=\"cat-item-none\">Keine Kategorien<\/li><\/ul>\t\t<h2 class=\"text-divider-double\">\t\t\tPosts\t\t<\/h2>\t\t<div class=\"sep\"><\/div>\t<ul><\/ul><\/div><\/div><\/div>\n","protected":false},"excerpt":{"rendered":"","protected":false},"author":1,"featured_media":0,"parent":0,"menu_order":11,"comment_status":"closed","ping_status":"closed","template":"","meta":{"footnotes":""},"class_list":["post-11251","page","type-page","status-publish","placeholder-for-hentry"],"yoast_head":"<!-- This site is optimized with the Yoast SEO plugin v27.4 - https:\/\/yoast.com\/product\/yoast-seo-wordpress\/ -->\n<title>Sitemap von der Website Duo, Partyband - HAUTNAH<\/title>\n<meta name=\"description\" content=\"Sitemap der Website von Duo, Partyband - HAUTNAH der Partyband aus \u00d6sterreich f\u00fcr Hochzeit, Geburtstagfeier, Firmenfeier, Oktoberfest, Karneval, Galas, Stadt &amp; Dorffeste, Jubil\u00e4umsfeiern, Sommernachtsfeste, Party&#039;s, Veranstaltungen, Anl\u00e4sse und Events.\" \/>\n<meta name=\"robots\" content=\"noindex, nofollow\" \/>\n<meta property=\"og:locale\" content=\"de_DE\" \/>\n<meta property=\"og:type\" content=\"article\" \/>\n<meta property=\"og:title\" content=\"Sitemap von der Website Duo, Partyband - HAUTNAH\" \/>\n<meta property=\"og:description\" content=\"Sitemap der Website von Duo, Partyband - HAUTNAH der Partyband aus \u00d6sterreich f\u00fcr Hochzeit, Geburtstagfeier, Firmenfeier, Oktoberfest, Karneval, Galas, Stadt &amp; Dorffeste, Jubil\u00e4umsfeiern, Sommernachtsfeste, Party&#039;s, Veranstaltungen, Anl\u00e4sse und Events.\" \/>\n<meta property=\"og:url\" content=\"https:\/\/www.duo-hautnah.com\/ch\/sitemap\/\" \/>\n<meta property=\"og:site_name\" content=\"HAUTNAH\" \/>\n<meta property=\"article:publisher\" content=\"https:\/\/www.facebook.com\/musikersandrohoffmann\" \/>\n<meta property=\"article:modified_time\" content=\"2018-02-19T17:37:02+00:00\" \/>\n<meta name=\"twitter:card\" content=\"summary_large_image\" \/>\n<script type=\"application\/ld+json\" class=\"yoast-schema-graph\">{\"@context\":\"https:\\\/\\\/schema.org\",\"@graph\":[{\"@type\":\"WebPage\",\"@id\":\"https:\\\/\\\/www.duo-hautnah.com\\\/ch\\\/sitemap\\\/\",\"url\":\"https:\\\/\\\/www.duo-hautnah.com\\\/ch\\\/sitemap\\\/\",\"name\":\"Sitemap von der Website Duo, Partyband - HAUTNAH\",\"isPartOf\":{\"@id\":\"https:\\\/\\\/www.duo-hautnah.com\\\/#website\"},\"datePublished\":\"2013-03-22T14:45:15+00:00\",\"dateModified\":\"2018-02-19T17:37:02+00:00\",\"description\":\"Sitemap der Website von Duo, Partyband - HAUTNAH der Partyband aus \u00d6sterreich f\u00fcr Hochzeit, Geburtstagfeier, Firmenfeier, Oktoberfest, Karneval, Galas, Stadt & Dorffeste, Jubil\u00e4umsfeiern, Sommernachtsfeste, Party's, Veranstaltungen, Anl\u00e4sse und Events.\",\"breadcrumb\":{\"@id\":\"https:\\\/\\\/www.duo-hautnah.com\\\/ch\\\/sitemap\\\/#breadcrumb\"},\"inLanguage\":\"de-CH\",\"potentialAction\":[{\"@type\":\"ReadAction\",\"target\":[\"https:\\\/\\\/www.duo-hautnah.com\\\/ch\\\/sitemap\\\/\"]}]},{\"@type\":\"BreadcrumbList\",\"@id\":\"https:\\\/\\\/www.duo-hautnah.com\\\/ch\\\/sitemap\\\/#breadcrumb\",\"itemListElement\":[{\"@type\":\"ListItem\",\"position\":1,\"name\":\"Startseite\",\"item\":\"https:\\\/\\\/www.duo-hautnah.com\\\/ch\\\/\"},{\"@type\":\"ListItem\",\"position\":2,\"name\":\"Sitemap der Website Duo, Partyband &#8211; HAUTNAH\"}]},{\"@type\":\"WebSite\",\"@id\":\"https:\\\/\\\/www.duo-hautnah.com\\\/#website\",\"url\":\"https:\\\/\\\/www.duo-hautnah.com\\\/\",\"name\":\"HAUTNAH\",\"description\":\"Musik Tanz und Stimmung f\u00fcr ihre Feier!\",\"potentialAction\":[{\"@type\":\"SearchAction\",\"target\":{\"@type\":\"EntryPoint\",\"urlTemplate\":\"https:\\\/\\\/www.duo-hautnah.com\\\/?s={search_term_string}\"},\"query-input\":{\"@type\":\"PropertyValueSpecification\",\"valueRequired\":true,\"valueName\":\"search_term_string\"}}],\"inLanguage\":\"de-CH\"}]}<\/script>\n<!-- \/ Yoast SEO plugin. -->","yoast_head_json":{"title":"Sitemap von der Website Duo, Partyband - HAUTNAH","description":"Sitemap der Website von Duo, Partyband - HAUTNAH der Partyband aus \u00d6sterreich f\u00fcr Hochzeit, Geburtstagfeier, Firmenfeier, Oktoberfest, Karneval, Galas, Stadt & Dorffeste, Jubil\u00e4umsfeiern, Sommernachtsfeste, Party's, Veranstaltungen, Anl\u00e4sse und Events.","robots":{"index":"noindex","follow":"nofollow"},"og_locale":"de_DE","og_type":"article","og_title":"Sitemap von der Website Duo, Partyband - HAUTNAH","og_description":"Sitemap der Website von Duo, Partyband - HAUTNAH der Partyband aus \u00d6sterreich f\u00fcr Hochzeit, Geburtstagfeier, Firmenfeier, Oktoberfest, Karneval, Galas, Stadt & Dorffeste, Jubil\u00e4umsfeiern, Sommernachtsfeste, Party's, Veranstaltungen, Anl\u00e4sse und Events.","og_url":"https:\/\/www.duo-hautnah.com\/ch\/sitemap\/","og_site_name":"HAUTNAH","article_publisher":"https:\/\/www.facebook.com\/musikersandrohoffmann","article_modified_time":"2018-02-19T17:37:02+00:00","twitter_card":"summary_large_image","schema":{"@context":"https:\/\/schema.org","@graph":[{"@type":"WebPage","@id":"https:\/\/www.duo-hautnah.com\/ch\/sitemap\/","url":"https:\/\/www.duo-hautnah.com\/ch\/sitemap\/","name":"Sitemap von der Website Duo, Partyband - HAUTNAH","isPartOf":{"@id":"https:\/\/www.duo-hautnah.com\/#website"},"datePublished":"2013-03-22T14:45:15+00:00","dateModified":"2018-02-19T17:37:02+00:00","description":"Sitemap der Website von Duo, Partyband - HAUTNAH der Partyband aus \u00d6sterreich f\u00fcr Hochzeit, Geburtstagfeier, Firmenfeier, Oktoberfest, Karneval, Galas, Stadt & Dorffeste, Jubil\u00e4umsfeiern, Sommernachtsfeste, Party's, Veranstaltungen, Anl\u00e4sse und Events.","breadcrumb":{"@id":"https:\/\/www.duo-hautnah.com\/ch\/sitemap\/#breadcrumb"},"inLanguage":"de-CH","potentialAction":[{"@type":"ReadAction","target":["https:\/\/www.duo-hautnah.com\/ch\/sitemap\/"]}]},{"@type":"BreadcrumbList","@id":"https:\/\/www.duo-hautnah.com\/ch\/sitemap\/#breadcrumb","itemListElement":[{"@type":"ListItem","position":1,"name":"Startseite","item":"https:\/\/www.duo-hautnah.com\/ch\/"},{"@type":"ListItem","position":2,"name":"Sitemap der Website Duo, Partyband &#8211; HAUTNAH"}]},{"@type":"WebSite","@id":"https:\/\/www.duo-hautnah.com\/#website","url":"https:\/\/www.duo-hautnah.com\/","name":"HAUTNAH","description":"Musik Tanz und Stimmung f\u00fcr ihre Feier!","potentialAction":[{"@type":"SearchAction","target":{"@type":"EntryPoint","urlTemplate":"https:\/\/www.duo-hautnah.com\/?s={search_term_string}"},"query-input":{"@type":"PropertyValueSpecification","valueRequired":true,"valueName":"search_term_string"}}],"inLanguage":"de-CH"}]}},"_links":{"self":[{"href":"https:\/\/www.duo-hautnah.com\/ch\/wp-json\/wp\/v2\/pages\/11251","targetHints":{"allow":["GET"]}}],"collection":[{"href":"https:\/\/www.duo-hautnah.com\/ch\/wp-json\/wp\/v2\/pages"}],"about":[{"href":"https:\/\/www.duo-hautnah.com\/ch\/wp-json\/wp\/v2\/types\/page"}],"author":[{"embeddable":true,"href":"https:\/\/www.duo-hautnah.com\/ch\/wp-json\/wp\/v2\/users\/1"}],"replies":[{"embeddable":true,"href":"https:\/\/www.duo-hautnah.com\/ch\/wp-json\/wp\/v2\/comments?post=11251"}],"version-history":[{"count":2,"href":"https:\/\/www.duo-hautnah.com\/ch\/wp-json\/wp\/v2\/pages\/11251\/revisions"}],"predecessor-version":[{"id":12023,"href":"https:\/\/www.duo-hautnah.com\/ch\/wp-json\/wp\/v2\/pages\/11251\/revisions\/12023"}],"wp:attachment":[{"href":"https:\/\/www.duo-hautnah.com\/ch\/wp-json\/wp\/v2\/media?parent=11251"}],"curies":[{"name":"wp","href":"https:\/\/api.w.org\/{rel}","templated":true}]}}