{"id":12256,"date":"2018-05-28T20:05:48","date_gmt":"2018-05-28T18:05:48","guid":{"rendered":"http:\/\/www.duo-hautnah.com\/?page_id=12256"},"modified":"2026-02-07T09:40:59","modified_gmt":"2026-02-07T08:40:59","slug":"datenschutzerklaerung","status":"publish","type":"page","link":"https:\/\/www.duo-hautnah.com\/ch\/datenschutzerklaerung\/","title":{"rendered":"Datenschutzerkl\u00e4rung"},"content":{"rendered":"<div class=\"row \"><div class=\"wpv-grid grid-1-1  wpv-first-level first unextended\" style=\"padding-top:0px;padding-bottom:0px\" id=\"wpv-column-67cf6e240748e53c3d39e016e6673012\" ><div class=\"row \"><div class=\"wpv-grid grid-1-1  first unextended\" style=\"padding-top:0px;padding-bottom:0px\" id=\"wpv-column-60d54e4730bcf421b3224d30e2b2680a\" ><h1><div class=\"push\" style='height:20px'><\/div><\/h1>\n<h1>Datenschutzerkl\u00e4rung(DSGVO)<\/h1>\n<p>Der Schutz Ihrer pers\u00f6nlichen Daten ist uns ein besonderes Anliegen. Wir verarbeiten Ihre Daten daher ausschlie\u00dflich auf Grundlage der gesetzlichen Bestimmungen (DSGVO, TKG 2003). In diesen Datenschutzinformationen informieren wir Sie \u00fcber die wichtigsten Aspekte der Datenverarbeitung im Rahmen unserer Website.<\/p>\n<p>Beim Besuch unserer Webseite wird Ihre IP-Adresse, Beginn und Ende der Sitzung f\u00fcr die Dauer dieser Sitzung erfasst. Dies ist technisch bedingt und stellt damit ein berechtigtes Interesse iSv Art 6 Abs 1 lit f DSGVO dar. Soweit im Folgenden nichts anderes geregelt wird, werden diese Daten von uns nicht weiterverarbeitet.<\/p>\n<h1>Kontakt mit uns<\/h1>\n<p>Wenn Sie per Formular auf der Website oder per E-Mail Kontakt mit uns aufnehmen, werden Ihre angegebenen Daten zwecks Bearbeitung der Anfrage und f\u00fcr den Fall von Anschlussfragen sechs Monate bei uns gespeichert. Diese Daten geben wir nicht ohne Ihre Einwilligung weiter.<\/p>\n<h1>Datenspeicherung<\/h1>\n<p>Beim Besuch unserer Website von der Startseite (Homepage) inklusive aller Unterseiten, werden gewisse Informationen automatisch erstellt und gespeichert. Diese Daten werden sparsam und nur mit Begr\u00fcndung gesammelt.<\/p>\n<p>Aus Gr\u00fcnden der Erstellung von Zugriffsstatistik speichert unser Webserver, automatisch Daten:<br \/>\n-Internetadresse (URL) der aufgerufenen Webseite (z. B. https:\/\/www.website.at\/unterseite.html\/)<br \/>\n-verwendete Webbrowser und Version (z. B. Google Chrome 94)<br \/>\n-das Betriebssystem ihres Ger\u00e4tes (z. B. Windows 10)<br \/>\n-die Webadresse (URL) der zuvor besuchten Seite (Referrer URL)<br \/>\n-den Hostname und die IP-Adresse des Ger\u00e4ts von welchem aus zugegriffen wird (z. B.202.71.15.145)<br \/>\n-Datum und Uhrzeit<br \/>\n-Webserver-Logfiles<\/p>\n<p>Die Dateien werden zwei Wochen gespeichert und danach gel\u00f6scht. Die gesammelten Daten geben wir nicht weiter, k\u00f6nnen aber jedoch nicht ausschlie\u00dfen, dass diese beim Vorliegen von gesetzwidrigem Verhalten, von Beh\u00f6rden eingesehen werden.<\/p>\n<p>Zusammengefasst: Ihr Besuch wird bei unserem Provider notiert, ohne Weitergabe Ihrer Daten an Dritte!<\/p>\n<h1>Cookies<\/h1>\n<p>Unsere Website verwendet so genannte Cookies. Dabei handelt es sich um kleine Textdateien, die mit Hilfe des Browsers auf Ihrem Endger\u00e4t abgelegt werden. Sie richten keinen Schaden an.<\/p>\n<p>Wir nutzen Cookies dazu, unser Angebot nutzerfreundlich zu gestalten. Einige Cookies bleiben auf Ihrem Endger\u00e4t gespeichert, bis Sie diese l\u00f6schen. Sie erm\u00f6glichen es uns, Ihren Browser beim n\u00e4chsten Besuch wiederzuerkennen.<\/p>\n<p>Wenn Sie dies nicht w\u00fcnschen, so k\u00f6nnen Sie Ihren Browser so einrichten, dass er Sie \u00fcber das Setzen von Cookies informiert und Sie dies nur im Einzelfall erlauben.<\/p>\n<p>Bei der Deaktivierung von Cookies kann die Funktionalit\u00e4t unserer Website eingeschr\u00e4nkt sein.<\/p>\n<h1>Web-Analyse<\/h1>\n<p>Unsere Website verwendet Funktionen des Webanalysedienstes von Google Analytics, Webanalysedienst der Google Inc. Dazu werden Cookies verwendet, die eine Analyse der Benutzung der Website durch Ihre Benutzer erm\u00f6glicht. Die dadurch erzeugten Informationen werden auf den Server des Anbieters \u00fcbertragen und dort gespeichert.<\/p>\n<p>Sie k\u00f6nnen dies verhindern, indem Sie Ihren Browser so einrichten, dass keine Cookies gespeichert werden.<\/p>\n<p>Wir haben mit dem Anbieter einen entsprechenden Vertrag zur Auftragsdatenverarbeitung abgeschlossen.<\/p>\n<p>Ihre IP-Adresse wird erfasst, aber umgehend (z.B. durch L\u00f6schung der letzten 8 Bit)pseudonymisiert. Dadurch ist nur mehr eine grobe Lokalisierung m\u00f6glich.<\/p>\n<p>Die Beziehung zum Webanalyseanbieter basiert auf dem \u201ePrivacy Shield\u201c-Abkommen zwischen EU und USA.<\/p>\n<p>Die Datenverarbeitung erfolgt auf Basis der gesetzlichen Bestimmungen des \u00a7 96 Abs 3 TKG sowie des Art 6 Abs 1 lit a (Einwilligung) und\/oder f (berechtigtes Interesse) der DSGVO.<\/p>\n<p>Unser Anliegen im Sinne der DSGVO ist die Verbesserung unseres Angebotes und unseres Webauftritts. Da uns die Privatsph\u00e4re unserer Nutzer wichtig ist, werden die Nutzerdaten pseudonymisiert.<\/p>\n<p>Die Nutzerdaten werden f\u00fcr die Dauer von 26 Monaten aufbewahrt. Sie k\u00f6nnen dies verhindern, indem Sie Ihren Internet Browser so einstellen, dass keine Cookies gespeichert werden.<\/p>\n<h1>Google Fonts Datenschutzerkl\u00e4rung<\/h1>\n<p>Auf unserer Website verwenden wir Google Fonts, ein Verzeichnis mit \u00fcber 800 Schriftarten, die Google Ihren Nutzern kostenlos zur Verf\u00fcgung stellt. Das sind die sogenannten \u201cGoogle-Schriften\u201d der Firma Google Inc.<br \/>\nF\u00fcr den europ\u00e4ischen Raum ist das Unternehmen Google Ireland Limited (Gordon House, Barrow Street Dublin 4, Irland) f\u00fcr alle Google-Dienste berechtigt und verantwortlich.<\/p>\n<p>F\u00fcr die Verwendung von Google-Schriftarten m\u00fcssen Sie sich nicht anmelden und es werden auch keine Cookies in Ihrem Browser gespeichert. Die Dateien (CSS, Schriftarten\/Fonts) werden \u00fcber die Google-Domains fonts.googleapis.com<br \/>\nund fonts.gstatic.com angefordert. Bei Google sind Anfragen nach CSS und Schriften vollkommen getrennt von allen anderen Google-Diensten.<\/p>\n<p>Wenn Sie ein Google-Konto besitzen, werden Ihre Google-Kontodaten, w\u00e4hrend der Verwendung von Google Fonts, an Google nicht \u00fcbermittelt. Google erfasst die Nutzung von CSS (Cascading Style Sheets) und der verwendeten Schriftarten und speichert diese Daten sicher.<\/p>\n<p>Wir verwenden Google Fonts auf unserer Webseite, um sie nicht auf unserem eigenen Server hochzuladen und um die Qualit\u00e4t unserer Webseite zu verbessern, da die automatisch f\u00fcr das Web und Endger\u00e4te optimiert sind.<br \/>\nWenn Sie unsere Webseiten besuchen, werden Schriften \u00fcber einen Google-Server nachgeladen und diese Daten an den Google-Server \u00fcbermittelt. So erkennt Google auch, dass Ihre IP-Adresse unsere Webseite besucht. Google Fonts speichert CSS- und Schrift-Anfragen sicher bei Google und sind gesch\u00fctzt.<\/p>\n<p>Durch jede Google Font Anfrage werden auch Informationen wie Sprache, IP-Adresse, Version des Webbrowsers, Bildschirmaufl\u00f6sung des Browsers und Name des Browsers an die Google-Server \u00fcbertragen. Ob diese Daten gespeichert werden, wird von Google nicht eindeutig klargestellt.<\/p>\n<p>Die Font-Dateien werden ein Jahr bei Google gespeichert und anfragen f\u00fcr CSS-Assets einen Tag. Die Google Font Daten, die f\u00fcr einen Tag bzw. ein Jahr gespeichert werden, k\u00f6nnen nicht einfach gel\u00f6scht werden. Beim Aufruf unserer Webseite werden die Daten automatisch an Google \u00fcbermittelt. Um diese vorzeitig l\u00f6schen zu k\u00f6nnen,<br \/>\nm\u00fcssen Sie den Google-Support kontaktieren auf https:\/\/support.google.com\/?hl=de<br \/>\nDas Speichern der Daten k\u00f6nnen Sie verhindern, nur wenn Sie unsere Seite nicht besuchen.<\/p>\n<h1>Font Awesome Datenschutzerkl\u00e4rung<\/h1>\n<p>Auf unserer Webseite verwenden wir<br \/>\nFont Awesome des amerikanischen Unternehmens Fonticons (307 S. Main St., Suite 202, Bentonville, AR 72712, USA).<br \/>\nSo werden einige Texte, Schriften und Icons auf Endger\u00e4ten richtig und besser dargestellt.<\/p>\n<p>Font Awesome ist eine Web-Schriftart, bei der Icons oder Schriftarten mit Hilfe der Stylesheet-Sprache CSS<br \/>\nnach Belieben skaliert und gef\u00e4rbt werden. Zum Laden von Icons und Symbolen wird das Font Awesome Content Delivery Network (CDN) verwendet. CDNs sind Netzwerke von Servern, die es m\u00f6glich machen, schnell Dateien zu laden um sie bereitzustellen. Beim laden der Web-Schriftarten wird Ihr Browser eine Verbindung zu den Servern des Unternehmens Fonticons, Inc. herstellen. Dabei wird Ihre IP-Adresse erkannt. Gesammelt werden auch Daten,<br \/>\nwelche Icon-Dateien wann heruntergeladen werden, Browser-Version, Bildschirmaufl\u00f6sung und der Zeitpunkt der aufgerufenen Seite. Wenn Ihr Browser Web-Schriftarten nicht zul\u00e4sst, wird automatisch eine Standardschrift verwendet.<\/p>\n<p>Font Awesome speichert Daten \u00fcber die Nutzung des Content Delivery Network nur ein paar Wochen. Personenbezogenen Daten werden \u00fcber die Content Delivery Netzwerke nicht gespeichert. Wenn Sie nicht wollen, dass Daten \u00fcber die verwendeten Icons gespeichert werden, sollen Sie unsere Website nicht besuchen. Wenn Ihr Browser keine Web-Schriftarten erlaubt, werden keine Daten \u00fcbertragen, nicht gespeichert und es wird automatisch eine Standardschrift verwendet.<\/p>\n<h1>Tag Manager Datenschutzerkl\u00e4rung<\/h1>\n<p>Wir verwenden den Google Tag Manager des Unternehmens Google Inc. bzw. Google Ireland Limited (Gordon House, Barrow Street Dublin 4, Irland) die f\u00fcr alle Google-Dienste verantwortlich ist. Der Tag Manager ist ein Marketingprodukt von Google \u00fcber den wir Code-Abschnitte von diversen Trackingtools, auf unserer Webseite verwenden, einbauen und verwalten.<br \/>\nTags sammeln Browserdaten, f\u00fcttern Marketingtools mit Daten, binden Buttons ein, setzen Cookies und verfolgen auch Nutzer \u00fcber mehrere Webseiten. Der Tag Manager ist eine Domain, die die eingebauten Tags verwaltet.<br \/>\nDie Daten selber erfassen die einzelnen Tags der unterschiedlichen Web-Analysetools. Google Tag Manager leitet nur die Daten zu den einzelnen Tracking-Tools.<br \/>\nDer Google Tag Manager selbst speichert keine Daten. Wie lange die Tracking-Tools Daten speichern, entnehmen Sie aus den Datenschutztexten der einzelnen Tools. In unseren Datenschutztexten zu den einzelnen Tracking-Tools finden Sie Informationen, wie Sie Ihre Daten l\u00f6schen k\u00f6nnen.<\/p>\n<h1>Google Site Kit Datenschutzerkl\u00e4rung<\/h1>\n<p>Auf unserer Website nutzen wir das WordPress-Plugin Google Site Kit des amerikanischen Unternehmens Google Inc.,<br \/>\nvertreten durch Google Ireland Limited (Gordon House, Barrow Street Dublin 4, Irland).<\/p>\n<p>Mit Google Site Kit k\u00f6nnen wir schnell Statistiken, aus diversen Google-Produkten wie Google Analytics, Google Search Console, Page Speed Insight, Google AdSense, Google Optimize und Google Tag Manager direkt in unserem WordPress-Dashboard ansehen.<br \/>\nDas Tool beziehungsweise die in Google Site Kit eingebundenen Tools sammeln unter anderem auch personenbezogene Daten. Wenn Sie dem Cookie-Hinweis Trackingtools aktiv zugestimmt haben, werden durch Google-Produkte wie Google Analytics Cookies gesetzt und Daten von Ihnen, wie etwa \u00fcber Ihr Verhalten, an Google gesendet, dort gespeichert und verarbeitet. Darunter werden auch personenbezogen Daten wie Ihre IP-Adresse gespeichert.<\/p>\n<p>Genauere Informationen \u00fcber die einzelnen Diensten entnehmen Sie in den eigenen Textabschnitten in dieser Datenschutzerkl\u00e4rung.<\/p>\n<h1>Google reCAPTCHA V3<\/h1>\n<p>Unsere Webseite nutzt \u201cGoogle reCAPTCHA V3\u201d als Schutz von unerw\u00fcnschten Webangeboten, missbr\u00e4uchlicher automatisierter Aussp\u00e4hung und SPAM Nachrichten.<br \/>\nDer dienst von reCAPTCHA V3 wird von Google Inc., 1600 Amphitheatre Parkway, Mountain View, CA 94043, USA (\u201cGoogle\u201d) gestellt. Mit reCAPTCHA V3 wird \u00fcberpr\u00fcft, ob die Dateneingabe auf unseren Websites in unserem Kontaktformular durch einen Menschen oder durch ein automatisiertes Programm bzw. Computer erfolgt. reCAPTCHA V3 analysiert das Verhalten des Websitebesuchers anhand verschiedener Merkmale und diese Analyse wird automatisch durchgef\u00fchrt, sobald der Websitebesucher die Website besucht. reCAPTCHA V3 wertet verschiedene Informationen aus, IP-Adresse, Verweildauer des Websitebesuchers oder get\u00e4tigte Mausbewegungen. Die erfassten Daten werden an Google weitergeleitet.<\/p>\n<p>Alle reCAPTCHA-Analysen laufen vollst\u00e4ndig im Hintergrund und die Websitebesucher werden nicht direkt hingewiesen, dass eine Analyse stattfindet.<\/p>\n<p>Die Datenverarbeitung erfolgt auf Grundlage von Art. 6 Abs. 1 lit. f DSGVO.<\/p>\n<p>Informationen zu den von reCAPTCHA erhobenen Daten und den Ma\u00dfnahmen, die Google zum Schutz von Daten ergreift, finden Sie im <a href=\"https:\/\/cloud.google.com\/terms\/data-processing-addendum?hl=de&amp;_gl=1*qxkzm4*_ga*MTY0OTg5Nzc3My4xNzcwNDUyOTMz*_ga_WH2QY8WWF5*czE3NzA0NTI5MzMkbzEkZzEkdDE3NzA0NTMwODckajYwJGwwJGgw\">Zusatz zur Verarbeitung von Cloud-Daten<\/a> und in den <a href=\"https:\/\/cloud.google.com\/terms\/service-terms?hl=de&amp;_gl=1*10xqyau*_ga*MTY0OTg5Nzc3My4xNzcwNDUyOTMz*_ga_WH2QY8WWF5*czE3NzA0NTI5MzMkbzEkZzEkdDE3NzA0NTMwMjMkajYwJGwwJGgw\">dienstspezifischen Nutzungsbedingungen f\u00fcr reCAPTCHA<\/a>.<\/p>\n<h1>Newsletter<\/h1>\n<p>Sie haben die M\u00f6glichkeit, \u00fcber unsere Website unseren Newsletter zu abonnieren. Hierf\u00fcr ben\u00f6tigen wir Ihre E-Mail-Adresse und ihre Erkl\u00e4rung, dass Sie mit dem Bezug des Newsletters einverstanden sind.<br \/>\nUm Sie zielgerichtet mit Informationen zu versorgen, erheben und verarbeiten wir au\u00dferdem freiwillig gemachte Angaben zu Interessengebieten und Postleitzahl.<\/p>\n<p>Sobald Sie sich f\u00fcr den Newsletter angemeldet haben, senden wir Ihnen ein Best\u00e4tigungs-E-Mail mit einem Link zur Best\u00e4tigung der Anmeldung.<\/p>\n<p>Das Abo des Newsletters k\u00f6nnen Sie jederzeit stornieren. Senden Sie Ihre Stornierung bitte an folgende E-Mail-Adresse: info@kingmusic.at, Wir l\u00f6schen anschlie\u00dfend umgehend Ihre Daten im Zusammenhang mit dem Newsletter-Versand. Durch diesen Widerruf wird die Rechtm\u00e4\u00dfigkeit der aufgrund der Zustimmung bis zum Widerruf erfolgten Verarbeitung nicht ber\u00fchrt.<\/p>\n<h1>Ihre Rechte<\/h1>\n<p>Ihnen stehen bez\u00fcglich Ihrer bei uns gespeicherten Daten grunds\u00e4tzlich die Rechte auf Auskunft, Berichtigung, L\u00f6schung, Einschr\u00e4nkung, Daten\u00fcbertragbarkeit, Widerruf und Widerspruch zu. Wenn Sie glauben, dass die Verarbeitung Ihrer Daten gegen das Datenschutzrecht verst\u00f6\u00dft oder Ihre datenschutzrechtlichen Anspr\u00fcche sonst in einer Weise verletzt worden sind, k\u00f6nnen Sie sich bei der uns E-Mail-Adresse: Infoe@kingmusic.at oder der Datenschutzbeh\u00f6rde beschweren.<\/p>\n<h1>Sie erreichen uns unter folgenden Kontaktdaten:<\/h1>\n<p>King Music Management, Heldenstrasse 42, 6800 Feldkirch (Telefon:+43 664 358 75 97, E-Mail: info@kingmusic.at)<\/p>\n<div class=\"push\" style='height:30px'><\/div><\/div><\/div>\n<div class=\"push\" style='margin-bottom:-40px'><\/div>\n<div class=\"sep-3\"><\/div>\n<div class=\"row \"><div class=\"wpv-grid grid-1-1  first unextended animation-zoom-in animated-active\" style=\"padding-top:0px;padding-bottom:0px\" id=\"wpv-column-bcc77dfebc3bc97a7ebafdbf955f9361\" ><div class=\"push\" style='margin-bottom:-10px'><\/div>\n<p style=\"text-align: center;\"><a href=\"https:\/\/www.facebook.com\/duohautnah\" target=\"_blank\" rel=\"noopener noreferrer\"> <span class='icon shortcode   use-hover' style='font-size:24px !important;color:#D8D8D8;'>&#58155;<\/span><\/a> <a href=\"https:\/\/www.youtube.com\/user\/KMDHTV1\/videos\" target=\"_blank\" rel=\"noopener noreferrer\"><span class='icon shortcode   use-hover' style='font-size:24px !important;color:#D8D8D8;'>&#58165;<\/span><\/a> <div class=\"push\" style='height:20px'><\/div><\/div><\/div><\/div><\/div>\n","protected":false},"excerpt":{"rendered":"<p>Datenschutzerkl\u00e4rung(DSGVO) Der Schutz Ihrer pers\u00f6nlichen Daten ist uns ein besonderes Anliegen. Wir verarbeiten Ihre Daten daher ausschlie\u00dflich auf Grundlage der gesetzlichen Bestimmungen (DSGVO, TKG 2003). In diesen Datenschutzinformationen informieren wir Sie \u00fcber die wichtigsten Aspekte der Datenverarbeitung im Rahmen unserer Website. Beim Besuch unserer Webseite wird Ihre IP-Adresse, Beginn und Ende der Sitzung f\u00fcr die&#8230;<\/p>\n","protected":false},"author":1,"featured_media":12429,"parent":0,"menu_order":3,"comment_status":"closed","ping_status":"closed","template":"","meta":{"footnotes":""},"class_list":["post-12256","page","type-page","status-publish","has-post-thumbnail","placeholder-for-hentry"],"yoast_head":"<!-- This site is optimized with the Yoast SEO plugin v27.5 - https:\/\/yoast.com\/product\/yoast-seo-wordpress\/ -->\n<title>Kontakt, Management &amp; Buchungsablauf von Duo, Partyband - HAUTNAH<\/title>\n<meta name=\"description\" content=\"Buchung, Kontakt und Managment von Duo, Partyband - HAUTNAH der Partyband aus \u00d6sterreich f\u00fcr Hochzeit, Geburtstagfeier, Firmenfeier, Oktoberfest, Karneval, Galas, Stadt &amp; Dorffeste, Jubil\u00e4umsfeiern, Sommernachtsfeste, Party&#039;s, Veranstaltungen, Anl\u00e4sse und Events in Deutschland und Weltweit.\" \/>\n<meta name=\"robots\" content=\"noindex, nofollow\" \/>\n<meta property=\"og:locale\" content=\"de_DE\" \/>\n<meta property=\"og:type\" content=\"article\" \/>\n<meta property=\"og:title\" content=\"Kontakt, Management &amp; Buchungsablauf von Duo, Partyband - HAUTNAH\" \/>\n<meta property=\"og:description\" content=\"Buchung, Kontakt und Managment von Duo, Partyband - HAUTNAH der Partyband aus \u00d6sterreich f\u00fcr Hochzeit, Geburtstagfeier, Firmenfeier, Oktoberfest, Karneval, Galas, Stadt &amp; Dorffeste, Jubil\u00e4umsfeiern, Sommernachtsfeste, Party&#039;s, Veranstaltungen, Anl\u00e4sse und Events in Deutschland und Weltweit.\" \/>\n<meta property=\"og:url\" content=\"https:\/\/www.duo-hautnah.com\/ch\/datenschutzerklaerung\/\" \/>\n<meta property=\"og:site_name\" content=\"HAUTNAH\" \/>\n<meta property=\"article:publisher\" content=\"https:\/\/www.facebook.com\/musikersandrohoffmann\" \/>\n<meta property=\"article:modified_time\" content=\"2026-02-07T08:40:59+00:00\" \/>\n<meta property=\"og:image\" content=\"https:\/\/www.duo-hautnah.com\/wp-content\/uploads\/2018\/02\/hoerproben-duo-partyband-hautnah-1.png\" \/>\n\t<meta property=\"og:image:width\" content=\"612\" \/>\n\t<meta property=\"og:image:height\" content=\"621\" \/>\n\t<meta property=\"og:image:type\" content=\"image\/png\" \/>\n<meta name=\"twitter:card\" content=\"summary_large_image\" \/>\n<meta name=\"twitter:label1\" content=\"Gesch\u00e4tzte Lesezeit\" \/>\n\t<meta name=\"twitter:data1\" content=\"11\u00a0Minuten\" \/>\n<script type=\"application\/ld+json\" class=\"yoast-schema-graph\">{\"@context\":\"https:\\\/\\\/schema.org\",\"@graph\":[{\"@type\":\"WebPage\",\"@id\":\"https:\\\/\\\/www.duo-hautnah.com\\\/ch\\\/datenschutzerklaerung\\\/\",\"url\":\"https:\\\/\\\/www.duo-hautnah.com\\\/ch\\\/datenschutzerklaerung\\\/\",\"name\":\"Kontakt, Management & Buchungsablauf von Duo, Partyband - HAUTNAH\",\"isPartOf\":{\"@id\":\"https:\\\/\\\/www.duo-hautnah.com\\\/#website\"},\"primaryImageOfPage\":{\"@id\":\"https:\\\/\\\/www.duo-hautnah.com\\\/ch\\\/datenschutzerklaerung\\\/#primaryimage\"},\"image\":{\"@id\":\"https:\\\/\\\/www.duo-hautnah.com\\\/ch\\\/datenschutzerklaerung\\\/#primaryimage\"},\"thumbnailUrl\":\"https:\\\/\\\/www.duo-hautnah.com\\\/wp-content\\\/uploads\\\/2018\\\/02\\\/hoerproben-duo-partyband-hautnah-1.png\",\"datePublished\":\"2018-05-28T18:05:48+00:00\",\"dateModified\":\"2026-02-07T08:40:59+00:00\",\"description\":\"Buchung, Kontakt und Managment von Duo, Partyband - HAUTNAH der Partyband aus \u00d6sterreich f\u00fcr Hochzeit, Geburtstagfeier, Firmenfeier, Oktoberfest, Karneval, Galas, Stadt & Dorffeste, Jubil\u00e4umsfeiern, Sommernachtsfeste, Party's, Veranstaltungen, Anl\u00e4sse und Events in Deutschland und Weltweit.\",\"breadcrumb\":{\"@id\":\"https:\\\/\\\/www.duo-hautnah.com\\\/ch\\\/datenschutzerklaerung\\\/#breadcrumb\"},\"inLanguage\":\"de-CH\",\"potentialAction\":[{\"@type\":\"ReadAction\",\"target\":[\"https:\\\/\\\/www.duo-hautnah.com\\\/ch\\\/datenschutzerklaerung\\\/\"]}]},{\"@type\":\"ImageObject\",\"inLanguage\":\"de-CH\",\"@id\":\"https:\\\/\\\/www.duo-hautnah.com\\\/ch\\\/datenschutzerklaerung\\\/#primaryimage\",\"url\":\"https:\\\/\\\/www.duo-hautnah.com\\\/wp-content\\\/uploads\\\/2018\\\/02\\\/hoerproben-duo-partyband-hautnah-1.png\",\"contentUrl\":\"https:\\\/\\\/www.duo-hautnah.com\\\/wp-content\\\/uploads\\\/2018\\\/02\\\/hoerproben-duo-partyband-hautnah-1.png\",\"width\":612,\"height\":621},{\"@type\":\"BreadcrumbList\",\"@id\":\"https:\\\/\\\/www.duo-hautnah.com\\\/ch\\\/datenschutzerklaerung\\\/#breadcrumb\",\"itemListElement\":[{\"@type\":\"ListItem\",\"position\":1,\"name\":\"Startseite\",\"item\":\"https:\\\/\\\/www.duo-hautnah.com\\\/ch\\\/\"},{\"@type\":\"ListItem\",\"position\":2,\"name\":\"Datenschutzerkl\u00e4rung\"}]},{\"@type\":\"WebSite\",\"@id\":\"https:\\\/\\\/www.duo-hautnah.com\\\/#website\",\"url\":\"https:\\\/\\\/www.duo-hautnah.com\\\/\",\"name\":\"HAUTNAH\",\"description\":\"Musik Tanz und Stimmung f\u00fcr ihre Feier!\",\"potentialAction\":[{\"@type\":\"SearchAction\",\"target\":{\"@type\":\"EntryPoint\",\"urlTemplate\":\"https:\\\/\\\/www.duo-hautnah.com\\\/?s={search_term_string}\"},\"query-input\":{\"@type\":\"PropertyValueSpecification\",\"valueRequired\":true,\"valueName\":\"search_term_string\"}}],\"inLanguage\":\"de-CH\"}]}<\/script>\n<!-- \/ Yoast SEO plugin. -->","yoast_head_json":{"title":"Kontakt, Management & Buchungsablauf von Duo, Partyband - HAUTNAH","description":"Buchung, Kontakt und Managment von Duo, Partyband - HAUTNAH der Partyband aus \u00d6sterreich f\u00fcr Hochzeit, Geburtstagfeier, Firmenfeier, Oktoberfest, Karneval, Galas, Stadt & Dorffeste, Jubil\u00e4umsfeiern, Sommernachtsfeste, Party's, Veranstaltungen, Anl\u00e4sse und Events in Deutschland und Weltweit.","robots":{"index":"noindex","follow":"nofollow"},"og_locale":"de_DE","og_type":"article","og_title":"Kontakt, Management & Buchungsablauf von Duo, Partyband - HAUTNAH","og_description":"Buchung, Kontakt und Managment von Duo, Partyband - HAUTNAH der Partyband aus \u00d6sterreich f\u00fcr Hochzeit, Geburtstagfeier, Firmenfeier, Oktoberfest, Karneval, Galas, Stadt & Dorffeste, Jubil\u00e4umsfeiern, Sommernachtsfeste, Party's, Veranstaltungen, Anl\u00e4sse und Events in Deutschland und Weltweit.","og_url":"https:\/\/www.duo-hautnah.com\/ch\/datenschutzerklaerung\/","og_site_name":"HAUTNAH","article_publisher":"https:\/\/www.facebook.com\/musikersandrohoffmann","article_modified_time":"2026-02-07T08:40:59+00:00","og_image":[{"width":612,"height":621,"url":"https:\/\/www.duo-hautnah.com\/wp-content\/uploads\/2018\/02\/hoerproben-duo-partyband-hautnah-1.png","type":"image\/png"}],"twitter_card":"summary_large_image","twitter_misc":{"Gesch\u00e4tzte Lesezeit":"11\u00a0Minuten"},"schema":{"@context":"https:\/\/schema.org","@graph":[{"@type":"WebPage","@id":"https:\/\/www.duo-hautnah.com\/ch\/datenschutzerklaerung\/","url":"https:\/\/www.duo-hautnah.com\/ch\/datenschutzerklaerung\/","name":"Kontakt, Management & Buchungsablauf von Duo, Partyband - HAUTNAH","isPartOf":{"@id":"https:\/\/www.duo-hautnah.com\/#website"},"primaryImageOfPage":{"@id":"https:\/\/www.duo-hautnah.com\/ch\/datenschutzerklaerung\/#primaryimage"},"image":{"@id":"https:\/\/www.duo-hautnah.com\/ch\/datenschutzerklaerung\/#primaryimage"},"thumbnailUrl":"https:\/\/www.duo-hautnah.com\/wp-content\/uploads\/2018\/02\/hoerproben-duo-partyband-hautnah-1.png","datePublished":"2018-05-28T18:05:48+00:00","dateModified":"2026-02-07T08:40:59+00:00","description":"Buchung, Kontakt und Managment von Duo, Partyband - HAUTNAH der Partyband aus \u00d6sterreich f\u00fcr Hochzeit, Geburtstagfeier, Firmenfeier, Oktoberfest, Karneval, Galas, Stadt & Dorffeste, Jubil\u00e4umsfeiern, Sommernachtsfeste, Party's, Veranstaltungen, Anl\u00e4sse und Events in Deutschland und Weltweit.","breadcrumb":{"@id":"https:\/\/www.duo-hautnah.com\/ch\/datenschutzerklaerung\/#breadcrumb"},"inLanguage":"de-CH","potentialAction":[{"@type":"ReadAction","target":["https:\/\/www.duo-hautnah.com\/ch\/datenschutzerklaerung\/"]}]},{"@type":"ImageObject","inLanguage":"de-CH","@id":"https:\/\/www.duo-hautnah.com\/ch\/datenschutzerklaerung\/#primaryimage","url":"https:\/\/www.duo-hautnah.com\/wp-content\/uploads\/2018\/02\/hoerproben-duo-partyband-hautnah-1.png","contentUrl":"https:\/\/www.duo-hautnah.com\/wp-content\/uploads\/2018\/02\/hoerproben-duo-partyband-hautnah-1.png","width":612,"height":621},{"@type":"BreadcrumbList","@id":"https:\/\/www.duo-hautnah.com\/ch\/datenschutzerklaerung\/#breadcrumb","itemListElement":[{"@type":"ListItem","position":1,"name":"Startseite","item":"https:\/\/www.duo-hautnah.com\/ch\/"},{"@type":"ListItem","position":2,"name":"Datenschutzerkl\u00e4rung"}]},{"@type":"WebSite","@id":"https:\/\/www.duo-hautnah.com\/#website","url":"https:\/\/www.duo-hautnah.com\/","name":"HAUTNAH","description":"Musik Tanz und Stimmung f\u00fcr ihre Feier!","potentialAction":[{"@type":"SearchAction","target":{"@type":"EntryPoint","urlTemplate":"https:\/\/www.duo-hautnah.com\/?s={search_term_string}"},"query-input":{"@type":"PropertyValueSpecification","valueRequired":true,"valueName":"search_term_string"}}],"inLanguage":"de-CH"}]}},"_links":{"self":[{"href":"https:\/\/www.duo-hautnah.com\/ch\/wp-json\/wp\/v2\/pages\/12256","targetHints":{"allow":["GET"]}}],"collection":[{"href":"https:\/\/www.duo-hautnah.com\/ch\/wp-json\/wp\/v2\/pages"}],"about":[{"href":"https:\/\/www.duo-hautnah.com\/ch\/wp-json\/wp\/v2\/types\/page"}],"author":[{"embeddable":true,"href":"https:\/\/www.duo-hautnah.com\/ch\/wp-json\/wp\/v2\/users\/1"}],"replies":[{"embeddable":true,"href":"https:\/\/www.duo-hautnah.com\/ch\/wp-json\/wp\/v2\/comments?post=12256"}],"version-history":[{"count":5,"href":"https:\/\/www.duo-hautnah.com\/ch\/wp-json\/wp\/v2\/pages\/12256\/revisions"}],"predecessor-version":[{"id":14762,"href":"https:\/\/www.duo-hautnah.com\/ch\/wp-json\/wp\/v2\/pages\/12256\/revisions\/14762"}],"wp:featuredmedia":[{"embeddable":true,"href":"https:\/\/www.duo-hautnah.com\/ch\/wp-json\/wp\/v2\/media\/12429"}],"wp:attachment":[{"href":"https:\/\/www.duo-hautnah.com\/ch\/wp-json\/wp\/v2\/media?parent=12256"}],"curies":[{"name":"wp","href":"https:\/\/api.w.org\/{rel}","templated":true}]}}